{"id":520,"date":"2024-08-22T14:48:50","date_gmt":"2024-08-22T12:48:50","guid":{"rendered":"https:\/\/juz-rozumiem.pl\/?page_id=520"},"modified":"2025-08-14T15:02:24","modified_gmt":"2025-08-14T13:02:24","slug":"zajecia-grupowe-2024-2025","status":"publish","type":"page","link":"https:\/\/juz-rozumiem.pl\/?page_id=520","title":{"rendered":"Zaj\u0119cia grupowe 2025\/2026"},"content":{"rendered":"\n<p class=\"has-text-align-center\"><\/p>\n\n\n\n<div class=\"wp-block-group alignfull has-global-padding is-layout-constrained wp-container-core-group-is-layout-d89aad35 wp-block-group-is-layout-constrained\" style=\"margin-top:0;margin-bottom:0;padding-top:var(--wp--preset--spacing--50);padding-right:var(--wp--preset--spacing--50);padding-bottom:var(--wp--preset--spacing--50);padding-left:var(--wp--preset--spacing--50)\">\n<div class=\"wp-block-group alignwide has-global-padding is-layout-constrained wp-container-core-group-is-layout-19e250f3 wp-block-group-is-layout-constrained\">\n<div class=\"wp-block-group is-vertical is-content-justification-center is-layout-flex wp-container-core-group-is-layout-6329a8f3 wp-block-group-is-layout-flex\">\n<h2 class=\"wp-block-heading has-text-align-center is-style-asterisk\">Zaj\u0119cia grupowe 2025\/2026<\/h2>\n\n\n\n<p><\/p>\n\n\n\n<p class=\"has-text-align-center\">Jestem nauczycielk\u0105 matematyki i zapraszam na zaj\u0119cia grupowe: <\/p>\n\n\n\n<p><strong>Egzamin \u00f3smoklasisty<\/strong><\/p>\n\n\n\n<p><strong>Matura podstawowa<\/strong><\/p>\n<\/div>\n\n\n\n<div style=\"height:var(--wp--preset--spacing--40)\" aria-hidden=\"true\" class=\"wp-block-spacer\"><\/div>\n\n\n\n<div class=\"wp-block-columns alignwide is-layout-flex wp-container-core-columns-is-layout-d1c656ed wp-block-columns-is-layout-flex\">\n<div class=\"wp-block-column is-vertically-aligned-center is-layout-flow wp-block-column-is-layout-flow\" style=\"flex-basis:40%\">\n<h3 class=\"wp-block-heading is-style-asterisk\">Lokalizacja<\/h3>\n\n\n\n<p>Zaj\u0119cia odbywaj\u0105 si\u0119 stacjonarnie w wygodnej du\u017cej sali na <strong>Alei Pokoju 33<\/strong> zaraz obok przystanku tramwajowego <strong>Ofiar D\u0105bia<\/strong>. <\/p>\n\n\n\n<h3 class=\"wp-block-heading is-style-asterisk\">Cena<\/h3>\n\n\n\n<p>Cena zaj\u0119\u0107 to <strong>40 z\u0142<\/strong> za jedne zaj\u0119cia (<strong>55 minut<\/strong>).<\/p>\n\n\n\n<p>W celu rezerwacji prosz\u0119 o op\u0142acenie tylko pierwszych zaj\u0119\u0107. Dalsze p\u0142atno\u015bci odbywaj\u0105 co miesi\u0105c. Decyzj\u0119 o dalszym udziale mo\u017cna podj\u0105\u0107 po pierwszych zaj\u0119ciach, kiedy uczniowie i rodzice s\u0105 pewni, \u017ce chc\u0105 kontynuowa\u0107 wsp\u00f3\u0142prac\u0119.<\/p>\n<\/div>\n\n\n\n<div class=\"wp-block-column is-layout-flow wp-block-column-is-layout-flow\" style=\"flex-basis:50%\">\n<figure class=\"wp-block-image size-large is-resized is-style-rounded is-style-rounded--1\"><img loading=\"lazy\" decoding=\"async\" width=\"1616\" height=\"2560\" src=\"https:\/\/juz-rozumiem.pl\/wp-content\/uploads\/2024\/08\/IMG_3279-kopia-edited-scaled.jpg\" alt=\"\" class=\"wp-image-524\" style=\"width:365px;height:auto\" srcset=\"https:\/\/juz-rozumiem.pl\/wp-content\/uploads\/2024\/08\/IMG_3279-kopia-edited-scaled.jpg 1616w, https:\/\/juz-rozumiem.pl\/wp-content\/uploads\/2024\/08\/IMG_3279-kopia-edited-189x300.jpg 189w, https:\/\/juz-rozumiem.pl\/wp-content\/uploads\/2024\/08\/IMG_3279-kopia-edited-646x1024.jpg 646w, https:\/\/juz-rozumiem.pl\/wp-content\/uploads\/2024\/08\/IMG_3279-kopia-edited-768x1217.jpg 768w, https:\/\/juz-rozumiem.pl\/wp-content\/uploads\/2024\/08\/IMG_3279-kopia-edited-969x1536.jpg 969w, https:\/\/juz-rozumiem.pl\/wp-content\/uploads\/2024\/08\/IMG_3279-kopia-edited-1292x2048.jpg 1292w\" sizes=\"auto, (max-width: 1616px) 100vw, 1616px\" \/><\/figure>\n<\/div>\n<\/div>\n\n\n\n<div style=\"height:var(--wp--preset--spacing--40)\" aria-hidden=\"true\" class=\"wp-block-spacer\"><\/div>\n\n\n\n<div class=\"wp-block-columns alignwide is-layout-flex wp-container-core-columns-is-layout-d1c656ed wp-block-columns-is-layout-flex\">\n<div class=\"wp-block-column is-layout-flow wp-block-column-is-layout-flow\" style=\"flex-basis:50%\">\n<figure class=\"wp-block-image size-large is-style-rounded is-style-rounded--2\"><img loading=\"lazy\" decoding=\"async\" width=\"970\" height=\"1024\" src=\"https:\/\/juz-rozumiem.pl\/wp-content\/uploads\/2024\/08\/IMG_2853-1-970x1024.jpg\" alt=\"\" class=\"wp-image-523\" srcset=\"https:\/\/juz-rozumiem.pl\/wp-content\/uploads\/2024\/08\/IMG_2853-1-970x1024.jpg 970w, https:\/\/juz-rozumiem.pl\/wp-content\/uploads\/2024\/08\/IMG_2853-1-284x300.jpg 284w, https:\/\/juz-rozumiem.pl\/wp-content\/uploads\/2024\/08\/IMG_2853-1-768x810.jpg 768w, https:\/\/juz-rozumiem.pl\/wp-content\/uploads\/2024\/08\/IMG_2853-1-1456x1536.jpg 1456w, https:\/\/juz-rozumiem.pl\/wp-content\/uploads\/2024\/08\/IMG_2853-1-1941x2048.jpg 1941w\" sizes=\"auto, (max-width: 970px) 100vw, 970px\" \/><\/figure>\n<\/div>\n\n\n\n<div class=\"wp-block-column is-vertically-aligned-center is-layout-flow wp-block-column-is-layout-flow\" style=\"flex-basis:40%\">\n<h3 class=\"wp-block-heading is-style-asterisk\">Co wyr\u00f3\u017cnia moje zaj\u0119cia?<\/h3>\n\n\n\n<p class=\"has-text-align-left\">Na korepetycjach zawsze zwracam szczeg\u00f3ln\u0105 uwag\u0119 na <strong>aktywny udzia\u0142 uczni\u00f3w <\/strong>w zaj\u0119ciach. Nauka matematyki, aby by\u0142a skuteczna musi skupia\u0107 si\u0119 wok\u00f3\u0142 indywidualnej, samodzielnej pracy ucznia. Dlatego mimo zaj\u0119\u0107 grupowych, unikam prowadzenia zaj\u0119\u0107 w formie wyk\u0142adu. Samodzielnie przygotowuj\u0119 materia\u0142y edukacyjne, opieraj\u0105c si\u0119 o najnowsz\u0105 podstaw\u0119 programow\u0105, podr\u0119czniki i repetytoria r\u00f3\u017cnych wydawnictw. Zaj\u0119cia staram si\u0119 zawsze prowadzi\u0107 w taki spos\u00f3b, aby to ucze\u0144 wykonywa\u0142 samodzielnie zadania przy mojej pomocy. Dlatego te\u017c zach\u0119cam do wcze\u015bniejszej rezerwacji miejsca w grupie, bo do tego typu pracy mog\u0119 przyj\u0105\u0107 <strong>maksymalnie 5 os\u00f3b.<\/strong><\/p>\n<\/div>\n<\/div>\n<\/div>\n\n\n\n<details class=\"wp-block-details is-layout-flow wp-block-details-is-layout-flow\"><summary>Lekcje powt\u00f3rkowe<\/summary>\n<p>Ka\u017cdy kurs zaczynamy od zaj\u0119\u0107 powt\u00f3rkowych. W ich trakcie wplatam zadania egzaminacyjne, aby oswoi\u0107 si\u0119 z ich form\u0105. <\/p>\n<\/details>\n\n\n\n<details class=\"wp-block-details is-layout-flow wp-block-details-is-layout-flow\"><summary>Rozwi\u0105zywanie arkuszy<\/summary>\n<p>W trakcie kursu nie mo\u017ce zabrakn\u0105\u0107 samodzielnej pracy w domu z arkuszami egzaminacyjnymi. W cenie kursu jest regularne sprawdzanie przeze mnie arkuszy. <\/p>\n<\/details>\n<\/div>\n\n\n\n<div class=\"wp-block-group alignfull has-base-2-background-color has-background has-global-padding is-layout-constrained wp-container-core-group-is-layout-669513ed wp-block-group-is-layout-constrained\" style=\"margin-top:0;margin-bottom:0;padding-top:var(--wp--preset--spacing--50);padding-right:var(--wp--preset--spacing--50);padding-bottom:var(--wp--preset--spacing--50);padding-left:var(--wp--preset--spacing--50)\">\n<h2 class=\"wp-block-heading has-text-align-center is-style-asterisk\">Dlaczego zaj\u0119cia grupowe?<\/h2>\n\n\n\n<div style=\"margin-top:0;margin-bottom:0;height:var(--wp--preset--spacing--40)\" aria-hidden=\"true\" class=\"wp-block-spacer\"><\/div>\n\n\n\n<div class=\"wp-block-columns alignwide is-layout-flex wp-container-core-columns-is-layout-d0bbbce0 wp-block-columns-is-layout-flex\">\n<div class=\"wp-block-column is-layout-flow wp-container-core-column-is-layout-e3d1c41b wp-block-column-is-layout-flow\">\n<h3 class=\"wp-block-heading has-text-align-left is-style-asterisk has-body-font-family has-medium-font-size\" style=\"font-style:normal;font-weight:600\">Ni\u017csza cena <\/h3>\n\n\n\n<p>Dzi\u0119ki zaj\u0119ciom grupowym, cena mo\u017ce by\u0107 du\u017co ni\u017csza ni\u017c w przypadku zaj\u0119\u0107 indywidualnych. <\/p>\n<\/div>\n\n\n\n<div class=\"wp-block-column is-layout-flow wp-container-core-column-is-layout-e3d1c41b wp-block-column-is-layout-flow\">\n<h3 class=\"wp-block-heading has-text-align-left is-style-asterisk has-body-font-family has-medium-font-size\" style=\"font-style:normal;font-weight:600\">Nauka samodzielno\u015bci<\/h3>\n\n\n\n<p class=\"has-text-align-left\">Zaj\u0119cia grupowe sprzyjaj\u0105 nauce samodzielno\u015bci i odpowiedzialno\u015bci za w\u0142asn\u0105 nauk\u0119 do egzaminu. <\/p>\n<\/div>\n\n\n\n<div class=\"wp-block-column is-layout-flow wp-container-core-column-is-layout-e3d1c41b wp-block-column-is-layout-flow\">\n<h3 class=\"wp-block-heading has-text-align-left is-style-asterisk has-body-font-family has-medium-font-size\" style=\"font-style:normal;font-weight:600\">Koncentracja na egzaminie<\/h3>\n\n\n\n<p class=\"has-text-align-left\">Zaj\u0119cia indywidualne cz\u0119sto skupiaj\u0105 si\u0119 na nauce do sprawdzian\u00f3w w szkole. Zaj\u0119cia grupowe po\u015bwi\u0119cone s\u0105 tylko nauce do egzamin\u00f3w. <\/p>\n<\/div>\n<\/div>\n\n\n\n<div style=\"height:var(--wp--preset--spacing--20)\" aria-hidden=\"true\" class=\"wp-block-spacer\"><\/div>\n\n\n\n<div class=\"wp-block-columns alignwide is-layout-flex wp-container-core-columns-is-layout-d0bbbce0 wp-block-columns-is-layout-flex\">\n<div class=\"wp-block-column is-layout-flow wp-container-core-column-is-layout-e3d1c41b wp-block-column-is-layout-flow\">\n<h3 class=\"wp-block-heading has-text-align-left is-style-asterisk has-body-font-family has-medium-font-size\" style=\"font-style:normal;font-weight:600\">Praca w ma\u0142ej grupie<\/h3>\n\n\n\n<p class=\"has-text-align-left\">Maksymalnie 5 os\u00f3b w grupie.<\/p>\n<\/div>\n\n\n\n<div class=\"wp-block-column is-layout-flow wp-container-core-column-is-layout-e3d1c41b wp-block-column-is-layout-flow\">\n<h3 class=\"wp-block-heading has-text-align-left is-style-asterisk has-body-font-family has-medium-font-size\" style=\"font-style:normal;font-weight:600\">Materia\u0142y <\/h3>\n\n\n\n<p class=\"has-text-align-left\">Do ka\u017cdych zaj\u0119\u0107 dobierane s\u0105 materia\u0142y dopasowane do aktualnych zasad egzaminacyjnych. Nie trzeba kupowa\u0107 \u017cadnej ksi\u0105\u017cki, wszystkie materia\u0142y dostarczane s\u0105 na zaj\u0119ciach. <\/p>\n<\/div>\n\n\n\n<div class=\"wp-block-column is-layout-flow wp-container-core-column-is-layout-e3d1c41b wp-block-column-is-layout-flow\">\n<h3 class=\"wp-block-heading has-text-align-left is-style-asterisk has-body-font-family has-medium-font-size\" style=\"font-style:normal;font-weight:600\">Atmosfera <\/h3>\n\n\n\n<p class=\"has-text-align-left\">Nauka w grupie jest po prostu ciekawsza \ud83d\ude42 A to, co ciekawe zapami\u0119tujemy na d\u0142u\u017cej!<\/p>\n<\/div>\n<\/div>\n<\/div>\n\n\n\n<div class=\"wp-block-group alignfull has-global-padding is-layout-constrained wp-container-core-group-is-layout-d89aad35 wp-block-group-is-layout-constrained\" style=\"margin-top:0;margin-bottom:0;padding-top:var(--wp--preset--spacing--50);padding-right:var(--wp--preset--spacing--50);padding-bottom:var(--wp--preset--spacing--50);padding-left:var(--wp--preset--spacing--50)\">\n<div class=\"wp-block-group alignwide has-base-2-background-color has-background has-global-padding is-layout-constrained wp-container-core-group-is-layout-39412042 wp-block-group-is-layout-constrained\" style=\"border-radius:16px;padding-top:var(--wp--preset--spacing--40);padding-right:var(--wp--preset--spacing--50);padding-bottom:var(--wp--preset--spacing--40);padding-left:var(--wp--preset--spacing--50)\">\n<div style=\"height:var(--wp--preset--spacing--10)\" aria-hidden=\"true\" class=\"wp-block-spacer\"><\/div>\n\n\n\n<h2 class=\"wp-block-heading has-text-align-center has-x-large-font-size\">Zarezerwuj miejsce<\/h2>\n\n\n\n<p class=\"has-text-align-center\">mail: korepetycje@juz-rozumiem.pl<\/p>\n\n\n\n<p class=\"has-text-align-center\">Masz pytania? Um\u00f3w si\u0119 na kr\u00f3tkie spotkanie lub rozmow\u0119 telefoniczn\u0105.<\/p>\n\n\n\n<p class=\"has-text-align-center\">tel. 533844422 <\/p>\n\n\n\n<div style=\"height:var(--wp--preset--spacing--10)\" aria-hidden=\"true\" class=\"wp-block-spacer\"><\/div>\n<\/div>\n\n\n\n<h2 class=\"wp-block-heading\"><\/h2>\n<\/div>\n","protected":false},"excerpt":{"rendered":"<p>Zaj\u0119cia grupowe 2025\/2026 Jestem nauczycielk\u0105 matematyki i zapraszam na zaj\u0119cia grupowe: Egzamin \u00f3smoklasisty Matura podstawowa Lokalizacja Zaj\u0119cia odbywaj\u0105 si\u0119 stacjonarnie w wygodnej du\u017cej sali na Alei Pokoju 33 zaraz obok przystanku tramwajowego Ofiar D\u0105bia. Cena Cena zaj\u0119\u0107 to 40 z\u0142 za jedne zaj\u0119cia (55 minut). W celu rezerwacji prosz\u0119 o op\u0142acenie tylko pierwszych zaj\u0119\u0107. Dalsze [&hellip;]<\/p>\n","protected":false},"author":1,"featured_media":0,"parent":0,"menu_order":0,"comment_status":"closed","ping_status":"closed","template":"","meta":{"footnotes":""},"class_list":["post-520","page","type-page","status-publish","hentry"],"_links":{"self":[{"href":"https:\/\/juz-rozumiem.pl\/index.php?rest_route=\/wp\/v2\/pages\/520","targetHints":{"allow":["GET"]}}],"collection":[{"href":"https:\/\/juz-rozumiem.pl\/index.php?rest_route=\/wp\/v2\/pages"}],"about":[{"href":"https:\/\/juz-rozumiem.pl\/index.php?rest_route=\/wp\/v2\/types\/page"}],"author":[{"embeddable":true,"href":"https:\/\/juz-rozumiem.pl\/index.php?rest_route=\/wp\/v2\/users\/1"}],"replies":[{"embeddable":true,"href":"https:\/\/juz-rozumiem.pl\/index.php?rest_route=%2Fwp%2Fv2%2Fcomments&post=520"}],"version-history":[{"count":10,"href":"https:\/\/juz-rozumiem.pl\/index.php?rest_route=\/wp\/v2\/pages\/520\/revisions"}],"predecessor-version":[{"id":593,"href":"https:\/\/juz-rozumiem.pl\/index.php?rest_route=\/wp\/v2\/pages\/520\/revisions\/593"}],"wp:attachment":[{"href":"https:\/\/juz-rozumiem.pl\/index.php?rest_route=%2Fwp%2Fv2%2Fmedia&parent=520"}],"curies":[{"name":"wp","href":"https:\/\/api.w.org\/{rel}","templated":true}]}}