{"id":214,"date":"2024-03-04T13:25:49","date_gmt":"2024-03-04T12:25:49","guid":{"rendered":"https:\/\/juz-rozumiem.pl\/?page_id=214"},"modified":"2025-11-15T18:07:22","modified_gmt":"2025-11-15T17:07:22","slug":"cennik","status":"publish","type":"page","link":"https:\/\/juz-rozumiem.pl\/?page_id=214","title":{"rendered":"Cennik 2025\/2026"},"content":{"rendered":"\n<figure class=\"wp-block-table\"><table class=\"has-fixed-layout\"><tbody><tr><td class=\"has-text-align-center\" data-align=\"center\">Zaj\u0119cia indywidualne cotygodniowe <br>(wed\u0142ug <a href=\"https:\/\/juz-rozumiem.pl\/?page_id=61\" data-type=\"page\" data-id=\"61\">regulaminu<\/a>)<\/td><td class=\"has-text-align-center\" data-align=\"center\">100 z\u0142 <\/td><\/tr><tr><td class=\"has-text-align-center\" data-align=\"center\">Zaj\u0119cia jednorazowe<\/td><td class=\"has-text-align-center\" data-align=\"center\">120 z\u0142<\/td><\/tr><tr><td class=\"has-text-align-center\" data-align=\"center\">Zaj\u0119cia w parach<\/td><td class=\"has-text-align-center\" data-align=\"center\">55 z\u0142<\/td><\/tr><tr><td class=\"has-text-align-center\" data-align=\"center\">Zaj\u0119cia grupowe (3-5 os.)<\/td><td class=\"has-text-align-center\" data-align=\"center\">40 z\u0142<\/td><\/tr><\/tbody><\/table><\/figure>\n\n\n\n<p>podane ceny s\u0105 za 55 minut zaj\u0119\u0107 <\/p>\n","protected":false},"excerpt":{"rendered":"<p>Zaj\u0119cia indywidualne cotygodniowe (wed\u0142ug regulaminu) 100 z\u0142 Zaj\u0119cia jednorazowe 120 z\u0142 Zaj\u0119cia w parach 55 z\u0142 Zaj\u0119cia grupowe (3-5 os.) 40 z\u0142 podane ceny s\u0105 za 55 minut zaj\u0119\u0107<\/p>\n","protected":false},"author":1,"featured_media":0,"parent":0,"menu_order":0,"comment_status":"closed","ping_status":"closed","template":"","meta":{"footnotes":""},"class_list":["post-214","page","type-page","status-publish","hentry"],"_links":{"self":[{"href":"https:\/\/juz-rozumiem.pl\/index.php?rest_route=\/wp\/v2\/pages\/214","targetHints":{"allow":["GET"]}}],"collection":[{"href":"https:\/\/juz-rozumiem.pl\/index.php?rest_route=\/wp\/v2\/pages"}],"about":[{"href":"https:\/\/juz-rozumiem.pl\/index.php?rest_route=\/wp\/v2\/types\/page"}],"author":[{"embeddable":true,"href":"https:\/\/juz-rozumiem.pl\/index.php?rest_route=\/wp\/v2\/users\/1"}],"replies":[{"embeddable":true,"href":"https:\/\/juz-rozumiem.pl\/index.php?rest_route=%2Fwp%2Fv2%2Fcomments&post=214"}],"version-history":[{"count":9,"href":"https:\/\/juz-rozumiem.pl\/index.php?rest_route=\/wp\/v2\/pages\/214\/revisions"}],"predecessor-version":[{"id":644,"href":"https:\/\/juz-rozumiem.pl\/index.php?rest_route=\/wp\/v2\/pages\/214\/revisions\/644"}],"wp:attachment":[{"href":"https:\/\/juz-rozumiem.pl\/index.php?rest_route=%2Fwp%2Fv2%2Fmedia&parent=214"}],"curies":[{"name":"wp","href":"https:\/\/api.w.org\/{rel}","templated":true}]}}