{"id":163,"date":"2023-11-22T18:58:28","date_gmt":"2023-11-22T17:58:28","guid":{"rendered":"http:\/\/localhost\/wordpress\/?page_id=163"},"modified":"2024-08-09T16:46:13","modified_gmt":"2024-08-09T14:46:13","slug":"artykuly","status":"publish","type":"page","link":"https:\/\/juz-rozumiem.pl\/?page_id=163","title":{"rendered":"Artyku\u0142y"},"content":{"rendered":"\n<p><\/p>\n\n\n\n<div class=\"wp-block-group alignfull has-global-padding is-layout-constrained wp-container-core-group-is-layout-d89aad35 wp-block-group-is-layout-constrained\" style=\"margin-top:0;margin-bottom:0;padding-top:var(--wp--preset--spacing--50);padding-right:var(--wp--preset--spacing--50);padding-bottom:var(--wp--preset--spacing--50);padding-left:var(--wp--preset--spacing--50)\">\n<div style=\"margin-top:0;margin-bottom:0;height:var(--wp--preset--spacing--10)\" aria-hidden=\"true\" class=\"wp-block-spacer\"><\/div>\n\n\n\n<div class=\"wp-block-columns alignwide is-layout-flex wp-container-core-columns-is-layout-d0846407 wp-block-columns-is-layout-flex\">\n<div class=\"wp-block-column is-layout-flow wp-block-column-is-layout-flow\" style=\"flex-basis:60%\">\n<div class=\"wp-block-query is-layout-flow wp-block-query-is-layout-flow\"><ul class=\"wp-block-post-template is-layout-flow wp-container-core-post-template-is-layout-ea1fff98 wp-block-post-template-is-layout-flow\"><li class=\"wp-block-post post-598 post type-post status-publish format-standard hentry category-bez-kategorii\">\n\n\n\n<div style=\"height:var(--wp--preset--spacing--10)\" aria-hidden=\"true\" class=\"wp-block-spacer\"><\/div>\n\n\n\n<div class=\"wp-block-group is-vertical is-nowrap is-layout-flex wp-container-core-group-is-layout-027a86ef wp-block-group-is-layout-flex\"><h3 class=\"wp-block-post-title has-x-large-font-size\"><a href=\"https:\/\/juz-rozumiem.pl\/?p=598\" target=\"_self\" >Standardy ochrony ma\u0142oletnich<\/a><\/h3>\n\n<div class=\"wp-block-post-excerpt\"><p class=\"wp-block-post-excerpt__excerpt\">Standardy ochrony ma\u0142oletnich w Ju\u017c rozumiem Drodzy Rodzice, w edukacji podstaw\u0105 jest bezpiecze\u0144stwo i komfort ucznia. Z tego powodu powsta\u0142 ten wpis. Prosimy o zapoznanie si\u0119 z poni\u017cszymi punktami, kt\u00f3re s\u0105 skr\u00f3con\u0105 wersj\u0105 wdro\u017conych i&hellip;<\/p><p class=\"wp-block-post-excerpt__more-text\"><a class=\"wp-block-post-excerpt__more-link\" href=\"https:\/\/juz-rozumiem.pl\/?p=598\">czytaj dalej&#8230;<\/a><\/p><\/div>\n\n<div class=\"wp-block-template-part\">\n\n<div class=\"wp-block-group has-global-padding is-layout-constrained wp-block-group-is-layout-constrained\">\n\t\n\t<div class=\"wp-block-group is-content-justification-left is-layout-flex wp-container-core-group-is-layout-dfe8e91f wp-block-group-is-layout-flex\">\n\t\t<div class=\"wp-block-post-date\"><time datetime=\"2025-09-10T14:26:27+02:00\"><a href=\"https:\/\/juz-rozumiem.pl\/?p=598\">wrz 10, 2025<\/a><\/time><\/div>\n\n\t\t\n\t\t<p class=\"has-contrast-2-color has-text-color\">\u2014<\/p>\n\t\t\n\n\t\t\n\t\t<p class=\"has-small-font-size has-contrast-2-color has-text-color\">by<\/p>\n\t\t\n\n\t\t<div class=\"wp-block-post-author-name\"><a href=\"https:\/\/juz-rozumiem.pl\/?author=1\" target=\"_self\" class=\"wp-block-post-author-name__link\">Natalia<\/a><\/div>\n\n\t\t<div class=\"taxonomy-category wp-block-post-terms\"><span class=\"wp-block-post-terms__prefix\">in <\/span><a href=\"https:\/\/juz-rozumiem.pl\/?cat=1\" rel=\"tag\">Bez kategorii<\/a><\/div>\n\n\t<\/div>\n\t\n<\/div>\n\n\n<\/div><\/div>\n\n<\/li><\/ul><\/div>\n<\/div>\n\n\n\n<div class=\"wp-block-column is-layout-flow wp-block-column-is-layout-flow\" style=\"flex-basis:40%\">\n<div class=\"wp-block-query is-layout-flow wp-block-query-is-layout-flow\"><ul class=\"wp-block-post-template is-layout-flow wp-container-core-post-template-is-layout-6b084be1 wp-block-post-template-is-layout-flow\"><li class=\"wp-block-post post-486 post type-post status-publish format-standard has-post-thumbnail hentry category-szkola-podstawowa\">\n<figure style=\"aspect-ratio:4\/3;\" class=\"wp-block-post-featured-image\"><a href=\"https:\/\/juz-rozumiem.pl\/?p=486\" target=\"_self\"  ><img loading=\"lazy\" decoding=\"async\" width=\"940\" height=\"788\" src=\"https:\/\/juz-rozumiem.pl\/wp-content\/uploads\/2024\/08\/2-3.png\" class=\"attachment-post-thumbnail size-post-thumbnail wp-post-image\" alt=\"Zamiana jednostek\" style=\"width:100%;height:100%;object-fit:cover;\" srcset=\"https:\/\/juz-rozumiem.pl\/wp-content\/uploads\/2024\/08\/2-3.png 940w, https:\/\/juz-rozumiem.pl\/wp-content\/uploads\/2024\/08\/2-3-300x251.png 300w, https:\/\/juz-rozumiem.pl\/wp-content\/uploads\/2024\/08\/2-3-768x644.png 768w\" sizes=\"auto, (max-width: 940px) 100vw, 940px\" \/><\/a><\/figure>\n\n\n<div style=\"height:5px\" aria-hidden=\"true\" class=\"wp-block-spacer\"><\/div>\n\n\n\n<div class=\"wp-block-group is-vertical is-nowrap is-layout-flex wp-container-core-group-is-layout-9bc6ff26 wp-block-group-is-layout-flex\"><h3 class=\"wp-block-post-title has-large-font-size\"><a href=\"https:\/\/juz-rozumiem.pl\/?p=486\" target=\"_self\" >Zamiana jednostek<\/a><\/h3>\n\n<div class=\"wp-block-post-excerpt has-small-font-size\"><p class=\"wp-block-post-excerpt__excerpt\">Pobierz darmow\u0105 kart\u0119 pracy, kt\u00f3ra pomo\u017ce Ci zrozumie\u0107 zamian\u0119 jednostek. <\/p><\/div>\n\n<div class=\"wp-block-template-part\">\n\n<div class=\"wp-block-group has-global-padding is-layout-constrained wp-block-group-is-layout-constrained\">\n\t\n\t<div class=\"wp-block-group is-content-justification-left is-layout-flex wp-container-core-group-is-layout-dfe8e91f wp-block-group-is-layout-flex\">\n\t\t<div class=\"wp-block-post-date\"><time datetime=\"2024-08-09T16:35:14+02:00\"><a href=\"https:\/\/juz-rozumiem.pl\/?p=486\">sie 9, 2024<\/a><\/time><\/div>\n\n\t\t\n\t\t<p class=\"has-contrast-2-color has-text-color\">\u2014<\/p>\n\t\t\n\n\t\t\n\t\t<p class=\"has-small-font-size has-contrast-2-color has-text-color\">by<\/p>\n\t\t\n\n\t\t<div class=\"wp-block-post-author-name\"><a href=\"https:\/\/juz-rozumiem.pl\/?author=1\" target=\"_self\" class=\"wp-block-post-author-name__link\">Natalia<\/a><\/div>\n\n\t\t<div class=\"taxonomy-category wp-block-post-terms\"><span class=\"wp-block-post-terms__prefix\">in <\/span><a href=\"https:\/\/juz-rozumiem.pl\/?cat=13\" rel=\"tag\">Szko\u0142a podstawowa<\/a><\/div>\n\n\t<\/div>\n\t\n<\/div>\n\n\n<\/div><\/div>\n\n<\/li><li class=\"wp-block-post post-480 post type-post status-publish format-standard has-post-thumbnail hentry category-szkola-podstawowa\">\n<figure style=\"aspect-ratio:4\/3;\" class=\"wp-block-post-featured-image\"><a href=\"https:\/\/juz-rozumiem.pl\/?p=480\" target=\"_self\"  ><img loading=\"lazy\" decoding=\"async\" width=\"940\" height=\"788\" src=\"https:\/\/juz-rozumiem.pl\/wp-content\/uploads\/2024\/08\/1-1.png\" class=\"attachment-post-thumbnail size-post-thumbnail wp-post-image\" alt=\"Liczby ujemne\" style=\"width:100%;height:100%;object-fit:cover;\" srcset=\"https:\/\/juz-rozumiem.pl\/wp-content\/uploads\/2024\/08\/1-1.png 940w, https:\/\/juz-rozumiem.pl\/wp-content\/uploads\/2024\/08\/1-1-300x251.png 300w, https:\/\/juz-rozumiem.pl\/wp-content\/uploads\/2024\/08\/1-1-768x644.png 768w\" sizes=\"auto, (max-width: 940px) 100vw, 940px\" \/><\/a><\/figure>\n\n\n<div style=\"height:5px\" aria-hidden=\"true\" class=\"wp-block-spacer\"><\/div>\n\n\n\n<div class=\"wp-block-group is-vertical is-nowrap is-layout-flex wp-container-core-group-is-layout-9bc6ff26 wp-block-group-is-layout-flex\"><h3 class=\"wp-block-post-title has-large-font-size\"><a href=\"https:\/\/juz-rozumiem.pl\/?p=480\" target=\"_self\" >Liczby ujemne<\/a><\/h3>\n\n<div class=\"wp-block-post-excerpt has-small-font-size\"><p class=\"wp-block-post-excerpt__excerpt\">Pobierz darmow\u0105 kart\u0119 pracy, kt\u00f3ra pomo\u017ce Ci zrozumie\u0107 liczby ujemne. <\/p><\/div>\n\n<div class=\"wp-block-template-part\">\n\n<div class=\"wp-block-group has-global-padding is-layout-constrained wp-block-group-is-layout-constrained\">\n\t\n\t<div class=\"wp-block-group is-content-justification-left is-layout-flex wp-container-core-group-is-layout-dfe8e91f wp-block-group-is-layout-flex\">\n\t\t<div class=\"wp-block-post-date\"><time datetime=\"2024-08-09T16:32:06+02:00\"><a href=\"https:\/\/juz-rozumiem.pl\/?p=480\">sie 9, 2024<\/a><\/time><\/div>\n\n\t\t\n\t\t<p class=\"has-contrast-2-color has-text-color\">\u2014<\/p>\n\t\t\n\n\t\t\n\t\t<p class=\"has-small-font-size has-contrast-2-color has-text-color\">by<\/p>\n\t\t\n\n\t\t<div class=\"wp-block-post-author-name\"><a href=\"https:\/\/juz-rozumiem.pl\/?author=1\" target=\"_self\" class=\"wp-block-post-author-name__link\">Natalia<\/a><\/div>\n\n\t\t<div class=\"taxonomy-category wp-block-post-terms\"><span class=\"wp-block-post-terms__prefix\">in <\/span><a href=\"https:\/\/juz-rozumiem.pl\/?cat=13\" rel=\"tag\">Szko\u0142a podstawowa<\/a><\/div>\n\n\t<\/div>\n\t\n<\/div>\n\n\n<\/div><\/div>\n\n<\/li><\/ul><\/div>\n<\/div>\n<\/div>\n<\/div>\n\n\n\n<p><\/p>\n","protected":false},"excerpt":{"rendered":"","protected":false},"author":1,"featured_media":0,"parent":0,"menu_order":0,"comment_status":"closed","ping_status":"closed","template":"","meta":{"footnotes":""},"class_list":["post-163","page","type-page","status-publish","hentry"],"_links":{"self":[{"href":"https:\/\/juz-rozumiem.pl\/index.php?rest_route=\/wp\/v2\/pages\/163","targetHints":{"allow":["GET"]}}],"collection":[{"href":"https:\/\/juz-rozumiem.pl\/index.php?rest_route=\/wp\/v2\/pages"}],"about":[{"href":"https:\/\/juz-rozumiem.pl\/index.php?rest_route=\/wp\/v2\/types\/page"}],"author":[{"embeddable":true,"href":"https:\/\/juz-rozumiem.pl\/index.php?rest_route=\/wp\/v2\/users\/1"}],"replies":[{"embeddable":true,"href":"https:\/\/juz-rozumiem.pl\/index.php?rest_route=%2Fwp%2Fv2%2Fcomments&post=163"}],"version-history":[{"count":7,"href":"https:\/\/juz-rozumiem.pl\/index.php?rest_route=\/wp\/v2\/pages\/163\/revisions"}],"predecessor-version":[{"id":495,"href":"https:\/\/juz-rozumiem.pl\/index.php?rest_route=\/wp\/v2\/pages\/163\/revisions\/495"}],"wp:attachment":[{"href":"https:\/\/juz-rozumiem.pl\/index.php?rest_route=%2Fwp%2Fv2%2Fmedia&parent=163"}],"curies":[{"name":"wp","href":"https:\/\/api.w.org\/{rel}","templated":true}]}}