{"id":14,"date":"2023-11-21T19:48:49","date_gmt":"2023-11-21T18:48:49","guid":{"rendered":"http:\/\/localhost\/wordpress\/?page_id=14"},"modified":"2025-11-15T17:59:08","modified_gmt":"2025-11-15T16:59:08","slug":"korepetycje","status":"publish","type":"page","link":"https:\/\/juz-rozumiem.pl\/?page_id=14","title":{"rendered":"Korepetycje"},"content":{"rendered":"\n<h1 class=\"wp-block-heading has-text-align-center\">O korepetycjach<\/h1>\n\n\n\n<p class=\"has-base-background-color has-background\">Na korepetycjach staramy si\u0119 o przyjemn\u0105, otwart\u0105 atmosfer\u0119. Z nami na pewno nie musisz si\u0119 stresowa\u0107, \u017ce czego\u015b nie umiesz \u2013 jeste\u015bmy od tego, \u017ceby Ci w tym pom\u00f3c. Zawsze staramy si\u0119 zrozumie\u0107 Tw\u00f3j spos\u00f3b my\u015blenia i dopasowa\u0107 do Ciebie metody i rozwi\u0105zania. Je\u017celi chcesz maksymalnie wykorzysta\u0107 czas na korepetycjach to wy\u015blij nam wcze\u015bniej zadania, kt\u00f3rymi b\u0119dziemy si\u0119 zajmowa\u0107. Zastan\u00f3w si\u0119, kt\u00f3re zadania umiesz, a w kt\u00f3rych masz w\u0105tpliwo\u015bci. Wi\u0119cej informacji o poszczeg\u00f3lnych korepetytorach znajdziesz <a href=\"https:\/\/juz-rozumiem.pl\/?page_id=222\" data-type=\"page\" data-id=\"222\">tutaj<\/a>. <\/p>\n\n\n\n<div class=\"wp-block-group has-global-padding is-layout-constrained wp-block-group-is-layout-constrained\">\n<h2 class=\"wp-block-heading has-text-align-center\">Zaj\u0119cia stacjonarne<\/h2>\n<\/div>\n\n\n\n<p class=\"has-base-background-color has-background\"><br><strong>Korepetycje stacjonarne<\/strong> odbywaj\u0105 si\u0119 w lokalu na al. Pokoju 33 w Krakowie, na I. pi\u0119trze obok biblioteki.<br><\/p>\n\n\n\n<h2 class=\"wp-block-heading has-text-align-center\">Indywidualne i grupowe<\/h2>\n\n\n\n<p class=\"has-base-background-color has-background\">Oferujemy zaj\u0119cia zar\u00f3wno indywidualne jak i w grupach. Warunkiem uruchomienia grupy jest zebranie si\u0119 co najmniej 3 ch\u0119tnych os\u00f3b. Po wi\u0119cej i informacji zapraszamy do kontaktu mailowego lub telefonicznego.<\/p>\n\n\n\n<h2 class=\"wp-block-heading has-text-align-center\">Kontakt<\/h2>\n\n\n\n<p class=\"has-base-background-color has-background\">Je\u017celi zainteresowa\u0142a Ci\u0119 nasza oferta to skontaktuj si\u0119 z nami mailowo:<br><br><strong>korepetycje@juz-rozumiem.pl<\/strong><br><br>W wiadomo\u015bci napisz:<br><br>1. terminy, w kt\u00f3rych chcesz mie\u0107 korepetycje<br>2. form\u0119 zaj\u0119\u0107 (stacjonarnie, online)<br>3. poziom (szko\u0142a podstawowa, liceum\/technikum rozszerzenie\/podstawa, studia)<br>4. numer telefonu, pod kt\u00f3rym mo\u017cna si\u0119 z Tob\u0105 skontaktowa\u0107<br><\/p>\n\n\n\n<div class=\"wp-block-buttons is-content-justification-center is-layout-flex wp-container-core-buttons-is-layout-a89b3969 wp-block-buttons-is-layout-flex\">\n<div class=\"wp-block-button is-style-outline is-style-outline--1\"><a class=\"wp-block-button__link wp-element-button\" href=\"https:\/\/juz-rozumiem.pl\/?page_id=214\">Cennik<\/a><\/div>\n\n\n\n<div class=\"wp-block-button is-style-outline is-style-outline--2\"><a class=\"wp-block-button__link wp-element-button\" href=\"https:\/\/juz-rozumiem.pl\/?page_id=61\">Regulamin<\/a><\/div>\n<\/div>\n\n\n\n<h3 class=\"wp-block-heading has-text-align-center\">Do us\u0142yszenia!<\/h3>\n\n\n\n<p><\/p>\n","protected":false},"excerpt":{"rendered":"<p>O korepetycjach Na korepetycjach staramy si\u0119 o przyjemn\u0105, otwart\u0105 atmosfer\u0119. Z nami na pewno nie musisz si\u0119 stresowa\u0107, \u017ce czego\u015b nie umiesz \u2013 jeste\u015bmy od tego, \u017ceby Ci w tym pom\u00f3c. Zawsze staramy si\u0119 zrozumie\u0107 Tw\u00f3j spos\u00f3b my\u015blenia i dopasowa\u0107 do Ciebie metody i rozwi\u0105zania. Je\u017celi chcesz maksymalnie wykorzysta\u0107 czas na korepetycjach to wy\u015blij nam [&hellip;]<\/p>\n","protected":false},"author":1,"featured_media":0,"parent":0,"menu_order":0,"comment_status":"closed","ping_status":"closed","template":"","meta":{"footnotes":""},"class_list":["post-14","page","type-page","status-publish","hentry"],"_links":{"self":[{"href":"https:\/\/juz-rozumiem.pl\/index.php?rest_route=\/wp\/v2\/pages\/14","targetHints":{"allow":["GET"]}}],"collection":[{"href":"https:\/\/juz-rozumiem.pl\/index.php?rest_route=\/wp\/v2\/pages"}],"about":[{"href":"https:\/\/juz-rozumiem.pl\/index.php?rest_route=\/wp\/v2\/types\/page"}],"author":[{"embeddable":true,"href":"https:\/\/juz-rozumiem.pl\/index.php?rest_route=\/wp\/v2\/users\/1"}],"replies":[{"embeddable":true,"href":"https:\/\/juz-rozumiem.pl\/index.php?rest_route=%2Fwp%2Fv2%2Fcomments&post=14"}],"version-history":[{"count":16,"href":"https:\/\/juz-rozumiem.pl\/index.php?rest_route=\/wp\/v2\/pages\/14\/revisions"}],"predecessor-version":[{"id":640,"href":"https:\/\/juz-rozumiem.pl\/index.php?rest_route=\/wp\/v2\/pages\/14\/revisions\/640"}],"wp:attachment":[{"href":"https:\/\/juz-rozumiem.pl\/index.php?rest_route=%2Fwp%2Fv2%2Fmedia&parent=14"}],"curies":[{"name":"wp","href":"https:\/\/api.w.org\/{rel}","templated":true}]}}