{"id":124,"date":"2023-11-22T17:04:47","date_gmt":"2023-11-22T16:04:47","guid":{"rendered":"http:\/\/localhost\/wordpress\/?page_id=124"},"modified":"2025-08-13T14:26:11","modified_gmt":"2025-08-13T12:26:11","slug":"kontakt","status":"publish","type":"page","link":"https:\/\/juz-rozumiem.pl\/?page_id=124","title":{"rendered":"Kontakt"},"content":{"rendered":"\n<div style=\"height:10px\" aria-hidden=\"true\" class=\"wp-block-spacer\"><\/div>\n\n\n\n<div class=\"wp-block-columns is-layout-flex wp-container-core-columns-is-layout-28f84493 wp-block-columns-is-layout-flex\">\n<div class=\"wp-block-column is-layout-flow wp-block-column-is-layout-flow\">\n<p><strong>Ju\u017c rozumiem Korepetycje z Matematyki <\/strong><br><strong>Natalia Zaj\u0105c<\/strong><br><br>al. Pokoju 33<br>31-564 Krak\u00f3w<\/p>\n\n\n\n<h3 class=\"wp-block-heading\">\ud83d\udcde<strong> +48 <a href=\"tel:533844422\" data-type=\"tel\" data-id=\"tel:533844422\">533 844 422<\/a><\/strong><\/h3>\n\n\n\n<h4 class=\"wp-block-heading\">\u2709\ufe0f korepetycje@juz-rozumiem.pl<\/h4>\n\n\n\n<p>NIP: 6751782644<\/p>\n<\/div>\n\n\n\n<div class=\"wp-block-column is-vertically-aligned-center is-layout-flow wp-block-column-is-layout-flow\">\n<div class=\"wp-block-group is-vertical is-layout-flex wp-container-core-group-is-layout-d6b9ab57 wp-block-group-is-layout-flex\">\n<iframe src=\"https:\/\/www.google.com\/maps\/embed?pb=!1m18!1m12!1m3!1d2561.467936484418!2d19.973231176430083!3d50.05879767152005!2m3!1f0!2f0!3f0!3m2!1i1024!2i768!4f13.1!3m3!1m2!1s0x47165bf1dfc10355%3A0x20151d02f2ac9971!2sJu%C5%BC%20rozumiem%20Korepetycje%20z%20matematyki!5e0!3m2!1spl!2spl!4v1700669683215!5m2!1spl!2spl\" width=\"600\" height=\"450\" style=\"border:0; width: 100%;\" allowfullscreen=\"\" loading=\"lazy\" referrerpolicy=\"no-referrer-when-downgrade\"><\/iframe>\n<\/div>\n<\/div>\n<\/div>\n\n\n\n<p><\/p>\n\n\n\n<p><strong>Preferowany kontakt SMS &#8211; podczas zaj\u0119\u0107 nie odbieram telefonu. <\/strong><\/p>\n\n\n\n<p><\/p>\n","protected":false},"excerpt":{"rendered":"<p>Ju\u017c rozumiem Korepetycje z Matematyki Natalia Zaj\u0105c al. Pokoju 3331-564 Krak\u00f3w \ud83d\udcde +48 533 844 422 \u2709\ufe0f korepetycje@juz-rozumiem.pl NIP: 6751782644 Preferowany kontakt SMS &#8211; podczas zaj\u0119\u0107 nie odbieram telefonu.<\/p>\n","protected":false},"author":1,"featured_media":0,"parent":0,"menu_order":0,"comment_status":"closed","ping_status":"closed","template":"","meta":{"footnotes":""},"class_list":["post-124","page","type-page","status-publish","hentry"],"_links":{"self":[{"href":"https:\/\/juz-rozumiem.pl\/index.php?rest_route=\/wp\/v2\/pages\/124","targetHints":{"allow":["GET"]}}],"collection":[{"href":"https:\/\/juz-rozumiem.pl\/index.php?rest_route=\/wp\/v2\/pages"}],"about":[{"href":"https:\/\/juz-rozumiem.pl\/index.php?rest_route=\/wp\/v2\/types\/page"}],"author":[{"embeddable":true,"href":"https:\/\/juz-rozumiem.pl\/index.php?rest_route=\/wp\/v2\/users\/1"}],"replies":[{"embeddable":true,"href":"https:\/\/juz-rozumiem.pl\/index.php?rest_route=%2Fwp%2Fv2%2Fcomments&post=124"}],"version-history":[{"count":6,"href":"https:\/\/juz-rozumiem.pl\/index.php?rest_route=\/wp\/v2\/pages\/124\/revisions"}],"predecessor-version":[{"id":560,"href":"https:\/\/juz-rozumiem.pl\/index.php?rest_route=\/wp\/v2\/pages\/124\/revisions\/560"}],"wp:attachment":[{"href":"https:\/\/juz-rozumiem.pl\/index.php?rest_route=%2Fwp%2Fv2%2Fmedia&parent=124"}],"curies":[{"name":"wp","href":"https:\/\/api.w.org\/{rel}","templated":true}]}}